{"id":111,"date":"2018-02-16T10:20:20","date_gmt":"2018-02-16T08:20:20","guid":{"rendered":"http:\/\/minsysfin.gtk.fi\/?page_id=111"},"modified":"2020-06-15T14:56:24","modified_gmt":"2020-06-15T11:56:24","slug":"da1","status":"publish","type":"page","link":"https:\/\/minsysfin.gtk.fi\/index.php\/da1\/","title":{"rendered":"Orogenic gold mineral deposit reports (Atypical metal associations)"},"content":{"rendered":"<div class=\"fusion-fullwidth fullwidth-box fusion-builder-row-1 nonhundred-percent-fullwidth non-hundred-percent-height-scrolling\" style=\"background-color: rgba(255,255,255,0);background-position: center center;background-repeat: no-repeat;padding-top:0px;padding-right:0px;padding-bottom:0px;padding-left:0px;margin-bottom: 0px;margin-top: 0px;border-width: 0px 0px 0px 0px;border-color:#eae9e9;border-style:solid;\" ><div class=\"fusion-builder-row fusion-row\"><div class=\"fusion-layout-column fusion_builder_column fusion-builder-column-0 fusion_builder_column_1_1 1_1 fusion-one-full fusion-column-first fusion-column-last\" style=\"margin-top:0px;margin-bottom:20px;\"><div class=\"fusion-column-wrapper fusion-flex-column-wrapper-legacy\" style=\"background-position:left top;background-repeat:no-repeat;-webkit-background-size:cover;-moz-background-size:cover;-o-background-size:cover;background-size:cover;padding: 0px 0px 0px 0px;\"><style type=\"text\/css\"><\/style><div class=\"fusion-title title fusion-title-1 fusion-sep-none fusion-title-text fusion-title-size-one\" style=\"margin-top:0px;margin-right:0px;margin-bottom:31px;margin-left:0px;\"><h1 class=\"title-heading-left\" style=\"margin:0;\"><h2><strong>Orogenic gold mineral deposit reports (Atypical metal associations) ordered by deposit name:<\/strong><\/h2><\/h1><\/div>\n<div class=\"table-1\">\n<table width=\"826\">\n<tbody>\n<tr>\n<td width=\"125\"><strong>Name<\/strong><\/td>\n<td width=\"415\"><strong>Alternative names<\/strong><\/td>\n<td width=\"153\"><strong>Main commodities<\/strong><\/td>\n<td width=\"133\"><strong>Other commodities<\/strong><\/td>\n<\/tr>\n<tr>\n<td><a href=\"http:\/\/tupa.gtk.fi\/karttasovellus\/mdae\/raportti\/472_Aakenusvaara.pdf\">Aakenusvaara<\/a><\/td>\n<td><\/td>\n<td>Au, U<\/td>\n<td>Cu<\/td>\n<\/tr>\n<tr>\n<td><a href=\"http:\/\/tupa.gtk.fi\/karttasovellus\/mdae\/raportti\/311_Antinoja.pdf\">Antinoja<\/a><\/td>\n<td><\/td>\n<td>Au, Cu<\/td>\n<td><\/td>\n<\/tr>\n<tr>\n<td><a href=\"http:\/\/tupa.gtk.fi\/karttasovellus\/mdae\/raportti\/367_Hangaslampi.pdf\">Hangaslampi<\/a><\/td>\n<td><\/td>\n<td>Au, Co<\/td>\n<td>REE, Cu, U<\/td>\n<\/tr>\n<tr>\n<td><a href=\"http:\/\/tupa.gtk.fi\/karttasovellus\/mdae\/raportti\/358_Honkilehto.pdf\">Honkilehto<\/a><\/td>\n<td><\/td>\n<td>Au, Co, Cu<\/td>\n<td><\/td>\n<\/tr>\n<tr>\n<td><a href=\"http:\/\/tupa.gtk.fi\/karttasovellus\/mdae\/raportti\/362_Iso-Rehvi.pdf\">Iso-Rehvi<\/a><\/td>\n<td><\/td>\n<td>Au, Co<\/td>\n<td>Cu<\/td>\n<\/tr>\n<tr>\n<td><a href=\"http:\/\/tupa.gtk.fi\/karttasovellus\/mdae\/raportti\/368_Juomasuo.pdf\">Juomasuo<\/a><\/td>\n<td><\/td>\n<td>Au, Co<\/td>\n<td>Cu, REE, U<\/td>\n<\/tr>\n<tr>\n<td><a href=\"http:\/\/tupa.gtk.fi\/karttasovellus\/mdae\/raportti\/377_Kaaresselk\u00e4.pdf\">Kaaresselk\u00e4<\/a><\/td>\n<td><\/td>\n<td>Au, Cu<\/td>\n<td><\/td>\n<\/tr>\n<tr>\n<td><a href=\"http:\/\/tupa.gtk.fi\/karttasovellus\/mdae\/raportti\/332_Kalliosalo.pdf\">Kalliosalo<\/a><\/td>\n<td><\/td>\n<td>Au, Sb<\/td>\n<td>Ag<\/td>\n<\/tr>\n<tr>\n<td><a href=\"http:\/\/tupa.gtk.fi\/karttasovellus\/mdae\/raportti\/373_Kantolahti.pdf\">Kantolahti<\/a><\/td>\n<td>Kantosuo<\/td>\n<td>Au, Co<\/td>\n<td>Cu<\/td>\n<\/tr>\n<tr>\n<td><a href=\"http:\/\/tupa.gtk.fi\/karttasovellus\/mdae\/raportti\/346_Kivimaa.pdf\">Kivimaa<\/a><\/td>\n<td><\/td>\n<td>Au, Cu<\/td>\n<td><\/td>\n<\/tr>\n<tr>\n<td><a href=\"http:\/\/tupa.gtk.fi\/karttasovellus\/mdae\/raportti\/479_Kupsusselk\u00e4.pdf\">Kupsusselk\u00e4<\/a><\/td>\n<td><\/td>\n<td>Au, Cu<\/td>\n<td>S, As, Zn<\/td>\n<\/tr>\n<tr>\n<td><a href=\"http:\/\/tupa.gtk.fi\/karttasovellus\/mdae\/raportti\/307_Kurula.pdf\">Kurula<\/a><\/td>\n<td><\/td>\n<td>Au, Co<\/td>\n<td><\/td>\n<\/tr>\n<tr>\n<td><a href=\"http:\/\/tupa.gtk.fi\/karttasovellus\/mdae\/raportti\/407_Kutuvuoma.pdf\">Kutuvuoma<\/a><\/td>\n<td><\/td>\n<td>Au, Cu<\/td>\n<td><\/td>\n<\/tr>\n<tr>\n<td><a href=\"http:\/\/tupa.gtk.fi\/karttasovellus\/mdae\/raportti\/371_Lavasuo.pdf\">Lavasuo<\/a><\/td>\n<td><\/td>\n<td>Au, Co<\/td>\n<td>Cu<\/td>\n<\/tr>\n<tr>\n<td><a href=\"http:\/\/tupa.gtk.fi\/karttasovellus\/mdae\/raportti\/372_Likalampi.pdf\">Likalampi<\/a><\/td>\n<td>Haarakumpu<\/td>\n<td>Au, Cu<\/td>\n<td><\/td>\n<\/tr>\n<tr>\n<td><a href=\"http:\/\/tupa.gtk.fi\/karttasovellus\/mdae\/raportti\/405_Loukinen.pdf\">Loukinen<\/a><\/td>\n<td>Levij\u00e4rvi, Paaminamaa, Tienp\u00e4\u00e4, J\u00e4nkk\u00e4j\u00e4rvi, Hossa, Hossansalmi<\/td>\n<td>Au, Cu<\/td>\n<td>Ni, Ag<\/td>\n<\/tr>\n<tr>\n<td><a href=\"http:\/\/tupa.gtk.fi\/karttasovellus\/mdae\/raportti\/402_Muusanlammit.pdf\">Muusanlammit<\/a><\/td>\n<td>Muusanlammet<\/td>\n<td>Au, Cu<\/td>\n<td>Ag<\/td>\n<\/tr>\n<tr>\n<td><a href=\"http:\/\/tupa.gtk.fi\/karttasovellus\/mdae\/raportti\/437_Naakenavaara.pdf\">Naakenavaara<\/a><\/td>\n<td><\/td>\n<td>Au, Cu<\/td>\n<td>Co, Ni<\/td>\n<\/tr>\n<tr>\n<td><a href=\"http:\/\/tupa.gtk.fi\/karttasovellus\/mdae\/raportti\/355_Ollinsuo.pdf\">Ollinsuo<\/a><\/td>\n<td><\/td>\n<td>Au, Co<\/td>\n<td>Cu, Ag<\/td>\n<\/tr>\n<tr>\n<td><a href=\"http:\/\/tupa.gtk.fi\/karttasovellus\/mdae\/raportti\/348_Pet\u00e4j\u00e4vaara.pdf\">Pet\u00e4j\u00e4vaara<\/a><\/td>\n<td>Rosvohotu<\/td>\n<td>Au, Cu<\/td>\n<td><\/td>\n<\/tr>\n<tr>\n<td><a href=\"http:\/\/tupa.gtk.fi\/karttasovellus\/mdae\/raportti\/392_Pikku-Mustavaara.pdf\">Pikku-Mustavaara<\/a><\/td>\n<td>Eksym\u00e4selk\u00e4<\/td>\n<td>Au, Cu<\/td>\n<td><\/td>\n<\/tr>\n<tr>\n<td><a href=\"http:\/\/tupa.gtk.fi\/karttasovellus\/mdae\/raportti\/365_Pohjaslampi.pdf\">Pohjaslampi<\/a><\/td>\n<td><\/td>\n<td>Au, Cu<\/td>\n<td>U<\/td>\n<\/tr>\n<tr>\n<td><a href=\"http:\/\/tupa.gtk.fi\/karttasovellus\/mdae\/raportti\/366_Pohjasvaara.pdf\">Pohjasvaara<\/a><\/td>\n<td><\/td>\n<td>Au, Co<\/td>\n<td>Cu, Ag<\/td>\n<\/tr>\n<tr>\n<td><a href=\"http:\/\/tupa.gtk.fi\/karttasovellus\/mdae\/raportti\/385_Saattopora.pdf\">Saattopora<\/a><\/td>\n<td><\/td>\n<td>Au, Cu<\/td>\n<td><\/td>\n<\/tr>\n<tr>\n<td><a href=\"http:\/\/tupa.gtk.fi\/karttasovellus\/mdae\/raportti\/395_Sirkka.pdf\">Sirkka<\/a><\/td>\n<td>Sirkka Kuukeri<\/td>\n<td>Au, Ni, Co, Cu<\/td>\n<td>Ag<\/td>\n<\/tr>\n<tr>\n<td><a href=\"http:\/\/tupa.gtk.fi\/karttasovellus\/mdae\/raportti\/360_Sivakkaharju.pdf\">Sivakkaharju<\/a><\/td>\n<td><\/td>\n<td>Au, Cu<\/td>\n<td>Co, Ni, Zn, Pb, U, Ag<\/td>\n<\/tr>\n<tr>\n<td><a href=\"http:\/\/tupa.gtk.fi\/karttasovellus\/mdae\/raportti\/394_Sukseton.pdf\">Sukseton<\/a><\/td>\n<td><\/td>\n<td>Au, Cu<\/td>\n<td><\/td>\n<\/tr>\n<tr>\n<td><a href=\"http:\/\/tupa.gtk.fi\/karttasovellus\/mdae\/raportti\/356_S\u00e4yn\u00e4j\u00e4vaara.pdf\">S\u00e4yn\u00e4j\u00e4vaara<\/a><\/td>\n<td><\/td>\n<td>Au, Co<\/td>\n<td>Cu<\/td>\n<\/tr>\n<tr>\n<td><a href=\"http:\/\/tupa.gtk.fi\/karttasovellus\/mdae\/raportti\/401_Tuongankuusikko.pdf\">Tuongankuusikko<\/a><\/td>\n<td>Tuonganoja, Tuongankumpu<\/td>\n<td>Au, Cu<\/td>\n<td>Ni, Co<\/td>\n<\/tr>\n<tr>\n<td><a href=\"http:\/\/tupa.gtk.fi\/karttasovellus\/mdae\/raportti\/345_Vinsa.pdf\">Vinsa<\/a><\/td>\n<td>Vinsanmaa<\/td>\n<td>Au, Cu<\/td>\n<td><\/td>\n<\/tr>\n<\/tbody>\n<\/table>\n<\/div>\n<div class=\"fusion-sep-clear\"><\/div><div class=\"fusion-separator fusion-full-width-sep\" style=\"margin-left: auto;margin-right: auto;margin-top:90px;width:100%;\"><\/div><div class=\"fusion-sep-clear\"><\/div><div class=\"fusion-text fusion-text-1\"><p><span style=\"color: #808080;\">(Last update: 20.05.2020)<\/span><\/p>\n<\/div><div class=\"fusion-clearfix\"><\/div><\/div><\/div><\/div><\/div>\n","protected":false},"excerpt":{"rendered":"","protected":false},"author":1,"featured_media":0,"parent":0,"menu_order":0,"comment_status":"closed","ping_status":"closed","template":"","meta":{"footnotes":""},"class_list":["post-111","page","type-page","status-publish","hentry"],"_links":{"self":[{"href":"https:\/\/minsysfin.gtk.fi\/index.php\/wp-json\/wp\/v2\/pages\/111","targetHints":{"allow":["GET"]}}],"collection":[{"href":"https:\/\/minsysfin.gtk.fi\/index.php\/wp-json\/wp\/v2\/pages"}],"about":[{"href":"https:\/\/minsysfin.gtk.fi\/index.php\/wp-json\/wp\/v2\/types\/page"}],"author":[{"embeddable":true,"href":"https:\/\/minsysfin.gtk.fi\/index.php\/wp-json\/wp\/v2\/users\/1"}],"replies":[{"embeddable":true,"href":"https:\/\/minsysfin.gtk.fi\/index.php\/wp-json\/wp\/v2\/comments?post=111"}],"version-history":[{"count":17,"href":"https:\/\/minsysfin.gtk.fi\/index.php\/wp-json\/wp\/v2\/pages\/111\/revisions"}],"predecessor-version":[{"id":1322,"href":"https:\/\/minsysfin.gtk.fi\/index.php\/wp-json\/wp\/v2\/pages\/111\/revisions\/1322"}],"wp:attachment":[{"href":"https:\/\/minsysfin.gtk.fi\/index.php\/wp-json\/wp\/v2\/media?parent=111"}],"curies":[{"name":"wp","href":"https:\/\/api.w.org\/{rel}","templated":true}]}}