{"id":1228,"date":"2020-05-11T09:42:12","date_gmt":"2020-05-11T06:42:12","guid":{"rendered":"http:\/\/minsysfin.gtk.fi\/?page_id=1228"},"modified":"2020-06-02T12:08:23","modified_gmt":"2020-06-02T09:08:23","slug":"references_geochronology","status":"publish","type":"page","link":"https:\/\/minsysfin.gtk.fi\/index.php\/references_geochronology\/","title":{"rendered":"References"},"content":{"rendered":"<div class=\"fusion-fullwidth fullwidth-box fusion-builder-row-1 nonhundred-percent-fullwidth non-hundred-percent-height-scrolling\" style=\"background-color: rgba(255,255,255,0);background-position: center center;background-repeat: no-repeat;padding-top:0px;padding-right:0px;padding-bottom:0px;padding-left:0px;margin-bottom: 0px;margin-top: 0px;border-width: 0px 0px 0px 0px;border-color:#eae9e9;border-style:solid;\" ><div class=\"fusion-builder-row fusion-row\"><div class=\"fusion-layout-column fusion_builder_column fusion-builder-column-0 fusion_builder_column_1_2 1_2 fusion-one-half fusion-column-first\" style=\"width:50%;width:calc(50% - ( ( 4% ) * 0.5 ) );margin-right: 4%;margin-top:0px;margin-bottom:20px;\"><div class=\"fusion-column-wrapper fusion-flex-column-wrapper-legacy\" style=\"background-position:left top;background-repeat:no-repeat;-webkit-background-size:cover;-moz-background-size:cover;-o-background-size:cover;background-size:cover;padding: 0px 0px 0px 0px;\"><div class=\"fusion-text fusion-text-1\"><h1><u>Selected references<\/u><\/h1>\n<p>Groves, D.I., Condie, K.C., Goldfarb, R.J., Hronsky, J.M.A., Vielreicher, R.M. 2005. Gold Deposits in Secular Changes in Global Tectonic Processes and Their Influence on the Temporal Distribution of Gold-Bearing Mineral Deposits. Economic Geology, 100, 203-224.<\/p>\n<p>Halla, Jaana 2002. Origin and Paleoproterozoic reactivation of Neoarchean high-K granitoid rocks in eastern Finland. Annales Academiae Scientiarum Fennicae. Geologica &#8211; Geographica 163. Helsinki: Suomalainen Tiedeakatemia. 103 p.<\/p>\n<p>Huhma, H., M\u00e4ntt\u00e4ri, I., Peltonen, P., Kontinen, A., Halkoaho, T., Hanski, E.,Hokkanen, T., H\u00f6ltt\u00e4, P., Juopperi, H., Konnunaho, J., Lahaye, Y., Luukkonen. E., Pietik\u00e4inen. K., Pulkkinen, A., Sorjonen-Ward, P., Vaasjoki, M. &amp; Whitehouse, M.2012a. The age of the Archaean greenstone belts in Finland.\u00a0 In: H\u00f6ltt\u00e4 P. (editor) The Archaean of the Karelia Province in Finland. Geological Survey of Finland, Special Paper 54, 74\u2212175.<\/p>\n<p>Huhma, H., O\u2019Brien, H., Lahaye, Y. &amp; M\u00e4ntt\u00e4ri, I. 2011. Isotope geology and Fennoscandian lithosphere evolution. Geological Survey of Finland, Special Paper 49, 35-48.<\/p>\n<p>Kontinen, A., Paavola, J. &amp; Lukkarinen, H. 1992. K-Ar ages of hornblende and biotite from late Archaean rocks of eastern Finland &#8211; interpretation and discussion of tectonic implications. Geological Survey of Finland Bulletin 365, 31 p.<\/p>\n<p>K\u00e4pyaho, A., Moln\u00e1r, F., Sorjonen-Ward, P., M\u00e4ntt\u00e4ri, I., Sakellaris, G. and Whitehouse, M.J., 2017. New U-Pb age constraints for the timing of gold mineralization at the Pampalo gold deposit, Archaean Hattu schist belt, eastern Finland, obtained from hydrothermally altered and recrystallised zircon. Precambrian Research, 289,48-61.<\/p>\n<p>Lahtinen, R. &amp; Huhma, H. 1997. Isotopic and geochemical constraints on the evolution of the 1.93-1.79 Ga Svecofennian crust and mantle in Finland. Precambrian Research 82, 13-34.<\/p>\n<p>Mertanen, S. and Krell, F., 2011. Rock magnetic investigations constraining relative timing for gold deposits in Finland. Bull. Geol. Soc. Finland, 83, 75-94.<\/p>\n<p>Moln\u00e1r, F., O`Brien, H., Lahaye, Y., K\u00e4pyaho, A., Sorjonen-Ward, P., Hyodo, H, Sakellaris, G. 2016. Signatures of multiple mineralization processes in the Archean orogenic gold deposit of the Pampalo Mine, Hattu schist belt, eastern Finland. Economic Geology, 111, 1659-1703.<\/p>\n<\/div><div class=\"fusion-clearfix\"><\/div><\/div><\/div><div class=\"fusion-layout-column fusion_builder_column fusion-builder-column-1 fusion_builder_column_1_2 1_2 fusion-one-half fusion-column-last\" style=\"width:50%;width:calc(50% - ( ( 4% ) * 0.5 ) );margin-top:0px;margin-bottom:20px;\"><div class=\"fusion-column-wrapper fusion-flex-column-wrapper-legacy\" style=\"background-position:left top;background-repeat:no-repeat;-webkit-background-size:cover;-moz-background-size:cover;-o-background-size:cover;background-size:cover;padding: 0px 0px 0px 0px;\"><div class=\"fusion-sep-clear\"><\/div><div class=\"fusion-separator fusion-full-width-sep\" style=\"margin-left: auto;margin-right: auto;margin-top:88px;width:100%;\"><\/div><div class=\"fusion-sep-clear\"><\/div><div class=\"fusion-text fusion-text-2\"><p>Moln\u00e1r, F., O\u00b4Brien, H., Stein, H., Cook, N. 2017. Geochronology of hydrothermal processes leading to the formation of the Au\u2013U mineralization at the Rompas prospect, Per\u00e4pohja belt, northern Finland: application of paired U\u2013Pb dating of uraninite and Re\u2013Os dating of molybdenite to the identification of multiple hydrothermal events in a metamorphic terrane. Minerals, 7, 171; doi:10.3390\/min7090171<\/p>\n<p>Moln\u00e1r, F., O\u00b4Brien, H., Lahaye, Y., Kurhila, M., Middleton, A., Johanson, B. (2017): Multi-stage hydrothermal processes and diverse metal associations in orogenic gold deposits of the Central Lapland greenstone belt, Finland. Proceedings of the 14th Biennial SGA Meeting, 20-23 August 2017, Qu\u00e9bec City, Canada, 1, 63-66<\/p>\n<p>Moln\u00e1r, F., Middleton, A., Stein, H., O`Brien, H., Lahaye, Y., Huhma, H., Pakkanen, L. &amp; Johanson, B. 2018. Repeated syn- and post-orogenic gold mineralization events between 1.92 and 1.76 Ga along the Kiistala Shear Zone in the Central Lapland Greenstone Belt, northern Finland. Ore Geology Reviews 101, 936-959.<\/p>\n<p>M\u00e4ntt\u00e4ri, I. 1995. Lead isotope characteristics of epigenetic gold mineralization in the Palaeoproterozoic Lapland greenstone belt, northern Finland. Geological Survey of Finland Bulletin 381, 70 p.<\/p>\n<p>O\u2019Brien, H., Huhma, H. &amp; Sorjonen-Ward, P. 1993. Petrogenesis of the late Archean Hattu schist belt, Ilomantsi, eastern Finland: Geochemistry and Sr, Nd isotopic composition. In Nurmi, P. and Sorjonen-Ward, P. (eds.) Geological development, gold mineralization and exploration methods in the late Archean Hattu schist belt, Ilomantsi, eastern Finland. Geological Survey of Finland Special Paper 17, 145-184.<\/p>\n<p>Saalmann, K., M\u00e4ntt\u00e4ri, I., Peltonen, P., Whitehouse, M.J., Gr\u00f6nholm, P. &amp; Talikka, M. 2010.\u00a0 Geochronology and structural relationships of mesothermal gold mineralization in the Palaeoproterozoic Jokisivu prospect, southern Finland. Geological Magazine 147, 551 &#8211; 569.<\/p>\n<p>Saalmann, K., M\u00e4ntt\u00e4ri, I., Ruffet, G. &amp; Whitehouse, M.J. 2009. Age and tectonic framework of structurally controlled Palaeoproterozoic gold mineralization in the H\u00e4me belt of southern Finland. Precambrian Research, 174, 53\u201377.<\/p>\n<p>Vaasjoki, M., Sorjonen-Ward, P. &amp; Lavikainen, S. 1993. U-Pb age determinations and sulfide Pb-Pb characteristics from the the late Archean Hattu schist belt, Ilomantsi, eastern Finland. In Nurmi, P. and Sorjonen-Ward, P. (eds.) Geological development, gold mineralization and exploration methods in the late Archean Hattu schist belt, Ilomantsi, eastern Finland. Geological Survey of Finland, Special Paper 17, 103-131.<\/p>\n<\/div><div class=\"fusion-clearfix\"><\/div><\/div><\/div><\/div><\/div>\n","protected":false},"excerpt":{"rendered":"","protected":false},"author":1,"featured_media":0,"parent":0,"menu_order":0,"comment_status":"closed","ping_status":"closed","template":"","meta":{"footnotes":""},"class_list":["post-1228","page","type-page","status-publish","hentry"],"_links":{"self":[{"href":"https:\/\/minsysfin.gtk.fi\/index.php\/wp-json\/wp\/v2\/pages\/1228","targetHints":{"allow":["GET"]}}],"collection":[{"href":"https:\/\/minsysfin.gtk.fi\/index.php\/wp-json\/wp\/v2\/pages"}],"about":[{"href":"https:\/\/minsysfin.gtk.fi\/index.php\/wp-json\/wp\/v2\/types\/page"}],"author":[{"embeddable":true,"href":"https:\/\/minsysfin.gtk.fi\/index.php\/wp-json\/wp\/v2\/users\/1"}],"replies":[{"embeddable":true,"href":"https:\/\/minsysfin.gtk.fi\/index.php\/wp-json\/wp\/v2\/comments?post=1228"}],"version-history":[{"count":10,"href":"https:\/\/minsysfin.gtk.fi\/index.php\/wp-json\/wp\/v2\/pages\/1228\/revisions"}],"predecessor-version":[{"id":1253,"href":"https:\/\/minsysfin.gtk.fi\/index.php\/wp-json\/wp\/v2\/pages\/1228\/revisions\/1253"}],"wp:attachment":[{"href":"https:\/\/minsysfin.gtk.fi\/index.php\/wp-json\/wp\/v2\/media?parent=1228"}],"curies":[{"name":"wp","href":"https:\/\/api.w.org\/{rel}","templated":true}]}}