{"id":1254,"date":"2020-06-02T12:18:46","date_gmt":"2020-06-02T09:18:46","guid":{"rendered":"http:\/\/minsysfin.gtk.fi\/?page_id=1254"},"modified":"2020-06-03T13:55:07","modified_gmt":"2020-06-03T10:55:07","slug":"references_mineral_potential","status":"publish","type":"page","link":"https:\/\/minsysfin.gtk.fi\/index.php\/references_mineral_potential\/","title":{"rendered":"References"},"content":{"rendered":"<div class=\"fusion-fullwidth fullwidth-box fusion-builder-row-1 nonhundred-percent-fullwidth non-hundred-percent-height-scrolling\" style=\"background-color: rgba(255,255,255,0);background-position: center center;background-repeat: no-repeat;padding-top:0px;padding-right:0px;padding-bottom:0px;padding-left:0px;margin-bottom: 0px;margin-top: 0px;border-width: 0px 0px 0px 0px;border-color:#eae9e9;border-style:solid;\" ><div class=\"fusion-builder-row fusion-row\"><div class=\"fusion-layout-column fusion_builder_column fusion-builder-column-0 fusion_builder_column_1_2 1_2 fusion-one-half fusion-column-first\" style=\"width:50%;width:calc(50% - ( ( 4% ) * 0.5 ) );margin-right: 4%;margin-top:0px;margin-bottom:20px;\"><div class=\"fusion-column-wrapper fusion-flex-column-wrapper-legacy\" style=\"background-position:left top;background-repeat:no-repeat;-webkit-background-size:cover;-moz-background-size:cover;-o-background-size:cover;background-size:cover;padding: 0px 0px 0px 0px;\"><div class=\"fusion-text fusion-text-1\"><h1>Selected references<\/h1>\n<p>Eilu, P., Rasilainen, K., Halkoaho, T., Huovinen, I., Karkkainen, N., Kontoniemi, O., Lepisto, K., Niiranen, T. and Sorjonen-Ward, P., 2015. Quantitative assessment of undiscovered resources in orogenic gold deposits in Finland. Geol. Surv. Finland, Report of Investigation 216, p. 318. <a href=\"http:\/\/tupa.gtk.fi\/julkaisu\/tutkimusraportti\/tr_216.pdf\">(Download as pdf)<\/a><\/p>\n<p>Lev\u00e4niemi, H., Hulkki, H., Tiainen, M., 2017. SOM guided fuzzy logic prospectivity model for gold in the H\u00e4me Belt, southwestern Finland. J. Afr. Earth. Sci., 128, 72-83.<\/p>\n<p>Niiranen, T., Nyk\u00e4nen, V., Lahti, I., 2019. Scalability of the mineral prospectivity modeling \u2013 an orogenic gold case study from northern Finland. Ore Geol. Rev., 109, 11-25.<\/p>\n<p>Nyk\u00e4nen, V. and V. Juhani Ojala, J.V., 2007. Spatial Analysis Techniques as Successful Mineral-Potential Mapping Tools for Orogenic Gold Deposits in the Northern Fennoscandian Shield, Finland. Nat. Res. Res., 16, 85-92.<\/p>\n<p>Nyk\u00e4nen, V., Salmirinne, H., Hyv\u00f6nen, E., Hulkki, H., Airo, M.-L., 2005. Fuzzy logic spatial modelling as targeting tool for orogenic gold mineralization in the Central Lapland greenstone belt, Northern Fennoscandian Shield, using high-resolution multi-element airborne geophysical data. <em>In <\/em>Rhoden, H.N., Steininger, R.C., Vikre, P.G., eds., Geol. Soc. Nevada Symposium 2005: Window to the World, Reno, Nevada, May 2005, p. 1159\u20131167.<\/p>\n<\/div><div class=\"fusion-clearfix\"><\/div><\/div><\/div><div class=\"fusion-layout-column fusion_builder_column fusion-builder-column-1 fusion_builder_column_1_2 1_2 fusion-one-half fusion-column-last\" style=\"width:50%;width:calc(50% - ( ( 4% ) * 0.5 ) );margin-top:0px;margin-bottom:20px;\"><div class=\"fusion-column-wrapper fusion-flex-column-wrapper-legacy\" style=\"background-position:left top;background-repeat:no-repeat;-webkit-background-size:cover;-moz-background-size:cover;-o-background-size:cover;background-size:cover;padding: 0px 0px 0px 0px;\"><div class=\"fusion-sep-clear\"><\/div><div class=\"fusion-separator fusion-full-width-sep\" style=\"margin-left: auto;margin-right: auto;margin-top:90px;width:100%;\"><\/div><div class=\"fusion-sep-clear\"><\/div><div class=\"fusion-text fusion-text-2\"><p>Nyk\u00e4nen, V., Groves, D.I., Ojala, V.J., Gardoll, S.J., Combined conceptual\/empirical prospectivity mapping for orogenic gold in the northern Fennoscandian Shield, Finland. Austr. J. Eartch Sci., 55, 39-59.<\/p>\n<p>Nyk\u00e4nen, V. and Salmirinne, H., 2007. Prospectivity analysis of gold using regional geophysical and geochemical data from the Central Lapland Greenstone Belt, Finland. Geol. Surv. Finland 44, 251-269. <a href=\"http:\/\/tupa.gtk.fi\/julkaisu\/specialpaper\/sp_044_pages_251_269.pdf\">(Download as pdf)<\/a><\/p>\n<p>Nyk\u00e4nen, V., Niiranen, T., Moln\u00e1r, F., Lahti, I., Korhonen, K., Cook, N., Skytt\u00e4, P., 2017. Optimizing a knowledge-driven prospectivity model for gold deposits within Per\u00e4pohja Belt, Northern Finland. Nat. Res. Res., 26, 571-584.<\/p>\n<p>Patison, P., Ojala, J.V., Nyk\u00e4nen, V., Eilu, P., Groves D. J., Gardoll, S., 2008. Gold prospectivity of Finland. Geological Survey of Finland, Report of Investigation 174, p. 33. <a href=\"http:\/\/tupa.gtk.fi\/julkaisu\/tutkimusraportti\/tr_174.pdf\">(Download as pdf)<\/a><\/p>\n<p>Rasilainen K., Pasi, E., Irmeli, H., Jukka, K., Niiranen, T., Ojala, J., T\u00f6rm\u00e4nen, T., 2020. Quantitative assessment of undiscovered resources in Kuusamo-type Co-Au deposits in Finland. Geol. Surv. Finland Bull. 410, p. 32. <a href=\"http:\/\/tupa.gtk.fi\/julkaisu\/bulletin\/bt_410.pdf\">(Download as pdf)<\/a><\/p>\n<p>Torppa, J., Nyk\u00e4nen, V., Moln\u00e1r, F., 2019. Unsupervised clustering and empirical fuzzy memberships for mineral prospectivity modelling. Ore Geol. Rev., 107, 58-71.<\/p>\n<\/div><div class=\"fusion-clearfix\"><\/div><\/div><\/div><\/div><\/div>\n","protected":false},"excerpt":{"rendered":"","protected":false},"author":1,"featured_media":0,"parent":0,"menu_order":0,"comment_status":"closed","ping_status":"closed","template":"","meta":{"footnotes":""},"class_list":["post-1254","page","type-page","status-publish","hentry"],"_links":{"self":[{"href":"https:\/\/minsysfin.gtk.fi\/index.php\/wp-json\/wp\/v2\/pages\/1254","targetHints":{"allow":["GET"]}}],"collection":[{"href":"https:\/\/minsysfin.gtk.fi\/index.php\/wp-json\/wp\/v2\/pages"}],"about":[{"href":"https:\/\/minsysfin.gtk.fi\/index.php\/wp-json\/wp\/v2\/types\/page"}],"author":[{"embeddable":true,"href":"https:\/\/minsysfin.gtk.fi\/index.php\/wp-json\/wp\/v2\/users\/1"}],"replies":[{"embeddable":true,"href":"https:\/\/minsysfin.gtk.fi\/index.php\/wp-json\/wp\/v2\/comments?post=1254"}],"version-history":[{"count":7,"href":"https:\/\/minsysfin.gtk.fi\/index.php\/wp-json\/wp\/v2\/pages\/1254\/revisions"}],"predecessor-version":[{"id":1270,"href":"https:\/\/minsysfin.gtk.fi\/index.php\/wp-json\/wp\/v2\/pages\/1254\/revisions\/1270"}],"wp:attachment":[{"href":"https:\/\/minsysfin.gtk.fi\/index.php\/wp-json\/wp\/v2\/media?parent=1254"}],"curies":[{"name":"wp","href":"https:\/\/api.w.org\/{rel}","templated":true}]}}