{"id":642,"date":"2019-07-17T13:25:53","date_gmt":"2019-07-17T10:25:53","guid":{"rendered":"http:\/\/minsysfin.gtk.fi\/?page_id=642"},"modified":"2020-06-03T16:29:25","modified_gmt":"2020-06-03T13:29:25","slug":"references_traps","status":"publish","type":"page","link":"https:\/\/minsysfin.gtk.fi\/index.php\/references_traps\/","title":{"rendered":"References"},"content":{"rendered":"<div class=\"fusion-fullwidth fullwidth-box fusion-builder-row-1 nonhundred-percent-fullwidth non-hundred-percent-height-scrolling\" style=\"background-color: rgba(255,255,255,0);background-position: center center;background-repeat: no-repeat;padding-top:0px;padding-right:0px;padding-bottom:0px;padding-left:0px;margin-bottom: 0px;margin-top: 0px;border-width: 0px 0px 0px 0px;border-color:#eae9e9;border-style:solid;\" ><div class=\"fusion-builder-row fusion-row\"><div class=\"fusion-layout-column fusion_builder_column fusion-builder-column-0 fusion_builder_column_1_1 1_1 fusion-one-full fusion-column-first fusion-column-last\" style=\"margin-top:0px;margin-bottom:20px;\"><div class=\"fusion-column-wrapper fusion-flex-column-wrapper-legacy\" style=\"background-position:left top;background-repeat:no-repeat;-webkit-background-size:cover;-moz-background-size:cover;-o-background-size:cover;background-size:cover;padding: 0px 0px 0px 0px;\"><div class=\"fusion-text fusion-text-1 fusion-text-split-columns fusion-text-columns-2\" style=\" -webkit-column-count:2; -webkit-column-gap:2em; -webkit-column-width:100px; -moz-column-count:2; -moz-column-gap:2em; -moz-column-width:100px; column-count:2; column-gap:2em; column-width:100px;\"><h1>Selected references<\/h1>\n<h3><u>Databases<\/u><\/h3>\n<p>Eilu, P. &amp; Pankka, H. 2010. FINGOLD \u2013 A public database on gold deposits in Finland. Version 1.1. Geological Survey of Finland, Digital Data Products 10. <a href=\"http:\/\/tupa.gtk.fi\/julkaisu\/digitaalinentuote\/fingold.zip\">(Download as zip file)<\/a><\/p>\n<h3><u>Books and other compilations<\/u><\/h3>\n<p>Eilu, P. 2007. FINGOLD: Brief descriptions of all drilling-indicated gold occurrences in Finland \u2212 the 2007 data. Geological Survey of Finland, Report of Investigation 166. 35 p. <a href=\"http:\/\/tupa.gtk.fi\/julkaisu\/tutkimusraportti\/tr_166.pdf\">(Download as pdf)<\/a><\/p>\n<p>Gr\u00f6nholm, S. and K\u00e4rkk\u00e4inen, N. (ed.) 2012. Gold in Southern Finland: Results of GTK studies 1998\u20132011. Geological Survey of Finland, Special Paper 52. <a href=\"http:\/\/tupa.gtk.fi\/julkaisu\/specialpaper\/sp_052.pdf\">(Download as pdf)<\/a><\/p>\n<p>Hirvas, H., 1991. Pleistocene stratigraphy of Finnish Lapland. Geological Survey of Finland Bulletin 354, p.123. <a href=\"http:\/\/tupa.gtk.fi\/julkaisu\/bulletin\/bt_354.pdf\">(Download as pdf)<\/a><\/p>\n<p>Kauranne, K., Salminen, R. &amp; Eriksson, K. (Eds.), 1992. Handbook of Exploration Geochemistry, vol. 5. Regolith Exploration Geochemistry in Arctic and Temperate Terrains. Elsevier, Amsterdam.<\/p>\n<p>Kontoniemi, O. &amp; Nurmi, P.A. (eds.) 1998. Geological setting and characteristics of tonalite-hosted Paleoproterozoic gold deposit at Osikonm\u00e4ki, Rantasalmi, southeastern Finland. Geol. Surv. Finland, Spec. Paper 25. <a href=\"http:\/\/tupa.gtk.fi\/julkaisu\/specialpaper\/sp_025.pdf\">(Download as pdf)<\/a><\/p>\n<p>M\u00e4ntt\u00e4ri, I., 1995, Lead isotope characteristics of epigenetic gold mineralization in the Palaeoproterozoic Lapland greenstone belt, northern Finland: Geological Survey of Finland, Bulletin 381. 70 p. <a href=\"http:\/\/tupa.gtk.fi\/julkaisu\/bulletin\/bt_381.pdf\">(Download as pdf)<\/a><\/p>\n<p>Niiranen, T., Lahti, I., Nyk\u00e4nen, V. &amp; Karinen, T. 2014. Central Lapland Greenstone Belt 3D modeling project final report. Geological Survey of Finland, Report of Investigation 209, 78 p. <a href=\"http:\/\/tupa.gtk.fi\/julkaisu\/tutkimusraportti\/tr_209.pdf\">(Download as pdf)<\/a><\/p>\n<p>Nurmi, P. &amp; Sorjonen-Ward, P. (eds) 1993. Geological development, gold mineralization and exploration methods in the late Archaean Hattu schist belt, Ilomantsi, eastern Finland. Geological Survey of Finland, Special Paper 17. <a href=\"http:\/\/tupa.gtk.fi\/julkaisu\/specialpaper\/sp_017.pdf\">(Download as pdf)<\/a><\/p>\n<p>Nurmi, P., Lestinen, P. and Niskavaara, H. 1991. Geochemical characteristics of mesothermal gold deposits in the Fennoscandian Shield, and a comparison with selected Canadian and Australian deposits. Bull. Geol. Surv. Finland 351. 101 p. <a href=\"http:\/\/tupa.gtk.fi\/julkaisu\/bulletin\/bt_351.pdf\">(Download as pdf)<\/a><\/p>\n<p>Ojala, J. (Ed.), 2007. Gold in the Central Lapland Greenstone Belt. Geological Survey of Finland, Special Paper 44, 269 p.\u00a0<a href=\"http:\/\/tupa.gtk.fi\/julkaisu\/specialpaper\/sp_044.pdf\">(Download as pdf)<\/a><\/p>\n<p>Rasilainen, K. 1996. Geochemical alteration of gold occurrences in the late Archean Hattu schist belt, Ilomantsi, eastern Finland. Ph.D. thesis. Geol. Surv. Finland. 140 p.<\/p>\n<p>Saarnisto, M. &amp; Tamminen, E., 1985. Lapin Kultaprojektin Loppuraportti. Lapin Kultaprojekti, Raportti N:o 3, Oulun yliopiston geologian laitos, 88 s.<\/p>\n<p>Vanhanen, E. 2001. Geology, mineralogy and geochemistry of the Fe-Co-Au-(U) deposits in the Paleoproterozoic Kuusamo Schist Belt, northeastern Finland. Geological Survey of Finland, Bulletin 399. 229 p. <a href=\"http:\/\/tupa.gtk.fi\/julkaisu\/bulletin\/bt_399.pdf\">(Download as pdf)<\/a><\/p>\n<h3 data-fontsize=\"16\" data-lineheight=\"24px\"><u>Research papers<\/u><\/h3>\n<p>Airo, M.-L., Mertaen, S. Magnetic signatures related to orogenic gold mineralization, Central Lapland Greenstone Belt, Finland. J. Appl. Geophys., 64, 14\u201324.<\/p>\n<p>Arkimaa, H. 1997. The fingerprints of known gold occurrences in the Kuusamo schist belt as shown by airborne gamma-ray spectrometric data. Geological Survey of Finland, Special Paper 23, 25-28. <a href=\"http:\/\/tupa.gtk.fi\/julkaisu\/specialpaper\/sp_023.pdf\">(Download as pdf)<\/a><\/p>\n<p>Eilu, P., Sorjonen-Ward, P., Nurmi, P., Niiranen, T., 2003. A Review of Gold Mineralization Styles in Finland. Econ. Geol., 98, 1329-1353.<\/p>\n<p>Eilu, P. 2015. Overview on gold deposits in Finland. In: W.D. Maier, R. Lahtinen, H. O\u2019Brien (eds.) Mineral Deposits of Finland. Elsevier, Oxford. 377\u2013410.<\/p>\n<p>Fusswinkel, T., Wagner, T. &amp; Sakellaris, G. 2017. Fluid evolution of the Neoarchean Pampalo orogenic gold deposit (E Finland): constraints from LA-ICPMS fluid inclusion microanalysis. Chem. Geol. 450, 96\u2013121.<\/p>\n<p>H\u00e4rk\u00f6nen, I., Pankka, H. &amp; Rossi, S. 2000. Summary report: The Iso-Kuotko gold prospects, northern Finland: Kuotko 8-10 (6314\/1-3) and Kuotko 11\u201313 (6886\/1-3). Geological Survey of Finland, Report M06\/2744\/00\/1\/10. 18 p. <a href=\"http:\/\/tupa.gtk.fi\/raportti\/valtaus\/m06_2744_00_1_10.pdf\">(Download as pdf)<\/a><\/p>\n<p>H\u00f6ltta, P. and Karhu, 2001. Oxygen and caron isotope compositions of carbonates in the alteration ones of orogenic gold deposits in Central Finnish Lapland. Geol. Surv. Finland, Spec. Paper 31, 25-29. <a href=\"http:\/\/tupa.gtk.fi\/julkaisu\/specialpaper\/sp_031.pdf\">(Download as pdf)<\/a><\/p>\n<p>K\u00e4pyaho, A., Moln\u00e1r, F., Sorjonen-Ward, P.,M\u00e4ntt\u00e4ri, I., Sakellaris, G. &amp; Whitehouse, M. 2017. New U-Pb age constraints for the timing of gold mineralization at the Pampalo deposit, eastern Finland, obtained from hydrothermally altered and recrystallised zircon. Precambrian Res. 289, 48\u201361.<\/p>\n<p>Lahti, I. &amp; Nyk\u00e4nen, V. 2015. The orogenic gold potential of the Central Lapland greenstone belt, northern Fennoscandian shield. In: W.D. Maier, R. Lahtinen, H. O\u2019Brien (eds.) Mineral Deposits of Finland. Elsevier, Oxford. 733\u2013752.<\/p>\n<p>Moln\u00e1r, F., M\u00e4ntt\u00e4ri, I., O&#8217;Brien, H., Lahaye, Y., Pakkanen, L., Johanson, B., K\u00e4pyaho, A., Sorjonen-Ward, P., Whitehouse, M. &amp; Sakellaris, G., 2016. Boron, sulphur and copper isotope systematics in the orogenic gold deposits of the Archaean Hattu schist belt, eastern Finland. Ore Geol. Rev. 77, 133\u2013162.<\/p>\n<p>Moln\u00e1r, F., O`Brien, H., Lahaye, Y., K\u00e4pyaho, A., Sorjonen-Ward, P., Hyodo, H, Sakellaris, G., 2016. Signatures of multiple mineralization processes in the Archean orogenic gold deposit of the Pampalo Mine, Hattu schist belt, eastern Finland. Econ. Geol., 111, 1659-1703.<\/p>\n<p>Moln\u00e1r, F., Oduro, H., Cook, N.D.J., Pohjolainen, E., Tak\u00e1cs, \u00c1., O\u2019Brien, H., Pakkanen, L., Johanson, B., Wirth, R., 2016. Association of gold with uraninite and pyrobitumen in the metavolcanic rock hosted hydrothermal Au-U mineralisation at Rompas, Per\u00e4pohja Schist Belt, northern Finland. Mineralium Deposita, 51, 681\u2013702.<\/p>\n<p>Nyk\u00e4nen, V. &amp; Ojala, J. 2007. Spatial analysis techniques as successful mineral-potential mapping tools for orogenic gold deposits in the Northern Fennoscandian Shield, Finland. Natural Resources Research 16, 85-92. <a href=\"https:\/\/link.springer.com\/content\/pdf\/10.1007%2Fs11053-007-9046-5.pdf\">(Download as pdf)<\/a><\/p>\n<p>Nyk\u00e4nen, V., Groves, D.I., Ojala, V.J., &amp; Gardoll, S. 2008. Combined conceptual\/empirical prospectivity mapping for orogenic gold in the northern Fennoscandian Shield, Finland. Australian Journal of Earth Sciences 55, 39\u201359.<\/p>\n<p>Pankka, H.S. and Vanhanen, E.J. 1992. Early Proterozoic Au-Co-U mineralization in the Kuusamo district, northeastern Finland. Precambrian Res. 58, 387\u2013400.<\/p>\n<p>Peuraniemi, V., 1990. The weathering crust in Finnish Lapland and its influence on the composition of glacial deposits. In: Aario, R. (Ed.), Glacial heritage of Northern Finland; an excursion guide. Nordia tiedonantoja, Sarja A 1, pp. 7\u201311.<\/p>\n<p>Poutiainen, M., 1993. Fluid inclusion geochemistry of the early Proterozoic Piril\u00e4 gold deposit in Rantasalmi, southeastern Finland. Miner. Deposita, 28, 129-135.<\/p>\n<p>Poutianinen, M, Partamies, S., 2003. Fluid evolution of the late Archean R\u00e4mepuro gold deposit in the Ilomantsi greenstone belt in eastern Finland. Miner. Deposita, 38. 196-207.<\/p>\n<p>Poutiainen, M. and Partamies, S. 2003. Fluid inclusion characteristics of auriferous quartz veins in Archean and Paleoproterozoic greenstone belts of eastern and southern Finland. Econ. Geol. 98, 1355\u20131369.<\/p>\n<p>Ranta, J-P., Moln\u00e1r, F., Hanski, E., Cook, N., 2018. Epigenetic gold occurrence in a Paleoproterozoic meta-evaporitic sequence in the Rompas-Rajapalot Au system, Per\u00e4pohja belt, northern Finland. Bull. Geol. Soc. Finland, 90, 69\u2013108. <a href=\"https:\/\/doi.org\/10.17741\/bgsf\/90.1.004\">(Download as pdf)<\/a><\/p>\n<p>Rosenberg, P. 1997. The Kaapelinkulma gold deposit, Valkeakoski. In: C. Ehlers (ed.) Gold and base metal deposits in southwestern Finland. Geol. Surv. Finland, Guide 44, 23\u201325. <a href=\"http:\/\/tupa.gtk.fi\/julkaisu\/opas\/op_044.pdf\">(Download as pdf)<\/a><\/p>\n<p>Saalmann, K. 2007. Structural control on gold mineralization in the Satulinm\u00e4ki and Riukka prospects, H\u00e4me Schist Belt, southern Finland. Bulletin of the Geological Society of Finland 79, 69-93. (<a href=\"https:\/\/doi.org\/10.17741\/bgsf\/79.1.004\">Download as pdf<\/a>)<\/p>\n<p>Saalmann, K., M\u00e4ntt\u00e4ri, I., Peltonen, P., Whitehouse, M.J., Gr\u00f6nholm, P. &amp; Talikka, M. 2010. Geochronology and structural relationships of mesothermal gold mineralization in the Palaeoproterozoic Jokisivu prospect, southern Finland. Geological Magazine 147, 551\u2013569.<\/p>\n<p>Saalmann, K., M\u00e4ntt\u00e4ri, I., Ruffet, G. &amp; Whitehouse, M.J. 2009. Age and tectonic framework of structurally controlled Palaeoproterozoic gold mineralization in the H\u00e4me belt of southern Finland. Precambrian Res. 174, 53\u201377.<\/p>\n<p>Sarala, P. &amp; Ojala, V.J., 2008. Implications of complex glacial deposits for till geochemical exploration: Examples from the central Fennoscandian ice sheet. In: Stefansson, \u00d3. (Ed.), Geochemistry Research Advances. Nova Publishers, New York, pp. 1\u201329.<\/p>\n<p>Sarala, P., 2015. Surficial geochemical exploration methods. In: In: Mayer, W.D., Lahtinen, R. &amp; O\u2019Brien, H. (eds.), Mineral deposits of Finland. Chapter 10.1. Elsevier, Amsterdam. p. 711\u2013731. DOI:10.1016\/B978-0-12-410438-9.00027-3<\/p>\n<p>Sayab, M., Suuronen, J-P., Moln\u00e1r, F., Villanova, J., Kallonen, A., O`Brien, H., Lahtinen, R., Lehtonen, M., 2016. Three-dimensional textural and quantitative analyses of orogenic gold at the nanoscale. Geology, 44, 739\u2013742.<\/p>\n<p>Sorjonen-Ward, P.B., Hartikainen, A., Nurmi, P.A. Rasilainen, K., Schaubs, P., Zhang, Y. &amp; Liikanen, J. 2015. Exploration targeting and geological context of gold mineralization in the Neoarchean Ilomantsi greenstone belt in eastern Finland. In: W.D. Maier, R. Lahtinen, H. O\u2019Brien (eds.) Mineral Deposits of Finland. Elsevier, Oxford. 435\u2013466.<\/p>\n<p>Torppa, J., Nyk\u00e4nen, V., Moln\u00e1r, F. (2019): Unsupervised clustering and empirical fuzzy memberships for mineral prospectivity modelling. Ore Geology Reviews, DOI:10.1016\/j.oregeorev.2019.02.007<\/p>\n<p>Vanhanen, E., Cook, N., Hudson, M.T., Dahlenborg, L., Ranta, J-P., Havela, T., Kinnunen, J., Moln\u00e1r, F., Prave, A.R., Oliver, N.H.S., 2015. Rompas prospect, Per\u00e4pohja Schist Belt, Northern Finland. In: W.D. Maier, R. Lahtinen, H. O\u2019Brien (eds.) Mineral Deposits of Finland. Elsevier, Oxford., 467-484.<\/p>\n<p>Vasilopuolos, M., Ranta, J-P., Moln\u00e1r, F., O&#8217;Brien, H., Lahaye, Y. 2019, Sulphide trace element, sulphur isotope and hydrothermal alteration studies in the Juomasuo and Hangaslampi Au- Co deposits, Kuusamo belt, northeastern Finland. 15th SGA Meeting, Glasgow, Proceedings, 1700-1703.<\/p>\n<p>Witt, W.K., Hagemann, S.G., Roberts, M., Davies, A., 2020. Cobalt enrichment at the Juomasuo and Hangaslampi polymetallic deposits, Kuusamo Schist Belt, Finland: a role for an orogenic fluid?. Miner. Deposita, 55.,\u00a0381\u2013388.<\/p>\n<p>Wyche, N.L., Eilu, P., Koppstr\u00f6m, K., Kortelainen, V.J., Niiranen, T. &amp; V\u00e4limaa, J. 2015. The Suurikuusikko gold deposit (Kittil\u00e4 mine), northern Finland. In: W.D. Maier, R. Lahtinen, H. O\u2019Brien (eds.) Mineral Deposits of Finland. Elsevier, Oxford. 411\u2013434.<\/p>\n<\/div><div class=\"fusion-clearfix\"><\/div><\/div><\/div><\/div><\/div>\n\n","protected":false},"excerpt":{"rendered":"","protected":false},"author":1,"featured_media":0,"parent":0,"menu_order":0,"comment_status":"closed","ping_status":"closed","template":"","meta":{"footnotes":""},"class_list":["post-642","page","type-page","status-publish","hentry"],"_links":{"self":[{"href":"https:\/\/minsysfin.gtk.fi\/index.php\/wp-json\/wp\/v2\/pages\/642","targetHints":{"allow":["GET"]}}],"collection":[{"href":"https:\/\/minsysfin.gtk.fi\/index.php\/wp-json\/wp\/v2\/pages"}],"about":[{"href":"https:\/\/minsysfin.gtk.fi\/index.php\/wp-json\/wp\/v2\/types\/page"}],"author":[{"embeddable":true,"href":"https:\/\/minsysfin.gtk.fi\/index.php\/wp-json\/wp\/v2\/users\/1"}],"replies":[{"embeddable":true,"href":"https:\/\/minsysfin.gtk.fi\/index.php\/wp-json\/wp\/v2\/comments?post=642"}],"version-history":[{"count":2,"href":"https:\/\/minsysfin.gtk.fi\/index.php\/wp-json\/wp\/v2\/pages\/642\/revisions"}],"predecessor-version":[{"id":652,"href":"https:\/\/minsysfin.gtk.fi\/index.php\/wp-json\/wp\/v2\/pages\/642\/revisions\/652"}],"wp:attachment":[{"href":"https:\/\/minsysfin.gtk.fi\/index.php\/wp-json\/wp\/v2\/media?parent=642"}],"curies":[{"name":"wp","href":"https:\/\/api.w.org\/{rel}","templated":true}]}}