{"id":91,"date":"2018-02-16T10:18:15","date_gmt":"2018-02-16T08:18:15","guid":{"rendered":"http:\/\/minsysfin.gtk.fi\/?page_id=91"},"modified":"2020-06-03T11:05:11","modified_gmt":"2020-06-03T08:05:11","slug":"references","status":"publish","type":"page","link":"https:\/\/minsysfin.gtk.fi\/index.php\/references\/","title":{"rendered":"References"},"content":{"rendered":"<div class=\"fusion-fullwidth fullwidth-box fusion-builder-row-1 nonhundred-percent-fullwidth non-hundred-percent-height-scrolling\" style=\"background-color: rgba(255,255,255,0);background-position: center center;background-repeat: no-repeat;padding-top:0px;padding-right:0px;padding-bottom:0px;padding-left:0px;margin-bottom: 0px;margin-top: 0px;border-width: 0px 0px 0px 0px;border-color:#eae9e9;border-style:solid;\" ><div class=\"fusion-builder-row fusion-row\"><div class=\"fusion-layout-column fusion_builder_column fusion-builder-column-0 fusion_builder_column_1_2 1_2 fusion-one-half fusion-column-first\" style=\"width:50%;width:calc(50% - ( ( 4% ) * 0.5 ) );margin-right: 4%;margin-top:0px;margin-bottom:20px;\"><div class=\"fusion-column-wrapper fusion-flex-column-wrapper-legacy\" style=\"background-position:left top;background-repeat:no-repeat;-webkit-background-size:cover;-moz-background-size:cover;-o-background-size:cover;background-size:cover;padding: 0px 0px 0px 0px;\"><div class=\"fusion-text fusion-text-1\"><h1>Selected references<\/h1>\n<p>Lahti, I., Nyk\u00e4nen, V., Niiranen, T., 2014. Gravity worms in the exploration of epigenetic gold deposits: New insight into the prospectivity of the central Lapland Greenstone Belt, northern Finland. Geol. Surv. Finland, Report of Investigation 209, 8-17. <a href=\"http:\/\/tupa.gtk.fi\/julkaisu\/tutkimusraportti\/tr_209.pdf\">(Download as pdf)<\/a><\/p>\n<p>Lahtinen, R., Sayab, M., Karell, F., 2015. Near-orthogonal deformation successions in the poly-deformed Paleoproterozoic Martimo belt: Implications for the tectonic evolution of Northern Fennoscandia. Prec. Res., 270, 22-38.<\/p>\n<p>Lahtinen, R., Huhma, H., Sayab, M., Lauri, L.S., H\u00f6ltt\u00e4, P., 2018. Age and structural constraints on the tectonic evolution of the Paleoproterozoic Central Lapland Granitoid Complex in the Fennoscandian Shield. Tectonophysics 745, 305-325.<\/p>\n<p>Nironen, M., 2017. Structural interpretation of the Per\u00e4pohja and Kuusamo belts and Central Lapland, and a tectonic model for northern Finland. Geol. Surv. Finland, Report of Investigation 234, p. 53. <a href=\"http:\/\/tupa.gtk.fi\/julkaisu\/tutkimusraportti\/tr_234.pdf\">(Download as pdf)<\/a><\/p>\n<p>Patison, N., 2007. Structural controls on gold mineralisation in the Central Lapland Greenstone Belt. Geol. Surv. Finland, Spec. Paper 44, 107-124. <a href=\"http:\/\/tupa.gtk.fi\/julkaisu\/specialpaper\/sp_044.pdf\">(Download as pdf)<\/a><\/p>\n<p>Saalmann, K., M\u00e4ntt\u00e4ri, I., Peltonen, P., Whitehouse, M.J., Gr\u00f6nholm, P. &amp; Talikka, M. 2010.\u00a0 Geochronology and structural relationships of mesothermal gold mineralization in the Palaeoproterozoic Jokisivu prospect, southern Finland. Geological Magazine 147, 551-569.<\/p>\n<\/div><div class=\"fusion-clearfix\"><\/div><\/div><\/div><div class=\"fusion-layout-column fusion_builder_column fusion-builder-column-1 fusion_builder_column_1_2 1_2 fusion-one-half fusion-column-last\" style=\"width:50%;width:calc(50% - ( ( 4% ) * 0.5 ) );margin-top:0px;margin-bottom:20px;\"><div class=\"fusion-column-wrapper fusion-flex-column-wrapper-legacy\" style=\"background-position:left top;background-repeat:no-repeat;-webkit-background-size:cover;-moz-background-size:cover;-o-background-size:cover;background-size:cover;padding: 0px 0px 0px 0px;\"><div class=\"fusion-sep-clear\"><\/div><div class=\"fusion-separator fusion-full-width-sep\" style=\"margin-left: auto;margin-right: auto;margin-top:90px;width:100%;\"><\/div><div class=\"fusion-sep-clear\"><\/div><div class=\"fusion-text fusion-text-2\"><p>Saalmann, K., M\u00e4ntt\u00e4ri, I., Ruffet, G. &amp; Whitehouse, M.J. 2009. Age and tectonic framework of structurally controlled Palaeoproterozoic gold mineralization in the H\u00e4me belt of southern Finland. Precambrian Research, 174, 53-77.<\/p>\n<p>Sayab, M., Moln\u00e1r, F., Aerden, D., Niiranen, T., Kuva, J., V\u00e4limaa, J., 2019. A succession of near-orthogonal horizontal tectonic shortenings in the Paleoproterozoic Central Lapland Greenstone Belt of Fennoscandia: constraints from the world-class Suurikuusikko gold deposit. Miner. Deposita, <a href=\"https:\/\/doi.org\/10.1007\/s00126-019-00910-7\">https:\/\/doi.org\/10.1007\/s00126-019-00910-7<\/a><\/p>\n<p>Sayab, M., Aerden, D., Paananen, M., Saarela, P., 2018. Virtual structural analysis of Jokisivu open pit using \u201cstructure-from-motion\u201d unmanned aerial vehicles (UAV) photogrammetry: implications for structurally-controlled gold deposits in Southwest Finland. Remote Sens., 10, 1-17.<\/p>\n<p>Sorjonen-Ward, P., 1993, An overview of structural evolution and lithic units within and intruding the late Archean Hattu schist belt. Ilomantsi, eastern Finland, in: Nurmi, P.A. and Sorjonen-Ward, P. eds., Geological development, gold mineralization and exploration methods in the late Archean Hattu schist belt, Ilomantsi, eastern Finland. Geological Survey of Finland, Special Paper, v. 17, 9-102. <a href=\"http:\/\/tupa.gtk.fi\/julkaisu\/specialpaper\/sp_017.pdf\">(Download as pdf)<\/a><\/p>\n<p>Sorjonen-Ward, P., Hartikainen, A., Nurmi, P., Rasilainen, K., Schaubs, P., Zhang, Y., Liikanen, J., 2015.\u00a0 Exploration targeting and geological context of gold mineralization in the Neoarchean Ilomantsi greenstone belt in eastern Finland.\u00a0 In: Maier, W., Lahtinen, R., O\u00b4Brien, H. (eds.), Mineral deposits of Finland. Elsevier. 435-466.<\/p>\n<\/div><div class=\"fusion-clearfix\"><\/div><\/div><\/div><\/div><\/div>\n","protected":false},"excerpt":{"rendered":"","protected":false},"author":1,"featured_media":0,"parent":0,"menu_order":0,"comment_status":"closed","ping_status":"closed","template":"","meta":{"footnotes":""},"class_list":["post-91","page","type-page","status-publish","hentry"],"_links":{"self":[{"href":"https:\/\/minsysfin.gtk.fi\/index.php\/wp-json\/wp\/v2\/pages\/91","targetHints":{"allow":["GET"]}}],"collection":[{"href":"https:\/\/minsysfin.gtk.fi\/index.php\/wp-json\/wp\/v2\/pages"}],"about":[{"href":"https:\/\/minsysfin.gtk.fi\/index.php\/wp-json\/wp\/v2\/types\/page"}],"author":[{"embeddable":true,"href":"https:\/\/minsysfin.gtk.fi\/index.php\/wp-json\/wp\/v2\/users\/1"}],"replies":[{"embeddable":true,"href":"https:\/\/minsysfin.gtk.fi\/index.php\/wp-json\/wp\/v2\/comments?post=91"}],"version-history":[{"count":9,"href":"https:\/\/minsysfin.gtk.fi\/index.php\/wp-json\/wp\/v2\/pages\/91\/revisions"}],"predecessor-version":[{"id":1265,"href":"https:\/\/minsysfin.gtk.fi\/index.php\/wp-json\/wp\/v2\/pages\/91\/revisions\/1265"}],"wp:attachment":[{"href":"https:\/\/minsysfin.gtk.fi\/index.php\/wp-json\/wp\/v2\/media?parent=91"}],"curies":[{"name":"wp","href":"https:\/\/api.w.org\/{rel}","templated":true}]}}